{"id":882,"date":"2021-03-18T09:19:48","date_gmt":"2021-03-18T09:19:48","guid":{"rendered":"https:\/\/thewineagency.pt\/wp\/?page_id=882"},"modified":"2021-03-18T09:22:40","modified_gmt":"2021-03-18T09:22:40","slug":"politica-de-privacidade","status":"publish","type":"page","link":"https:\/\/thewineagency.pt\/wp\/pt\/politica-de-privacidade\/","title":{"rendered":"POL\u00cdTICA DE PRIVACIDADE"},"content":{"rendered":"\n<p><\/p>\n\n\n\n<p class=\"has-text-align-left\" style=\"font-size:14px\">A sua privacidade \u00e9 importante para n\u00f3s. Atrav\u00e9s deste documento, a The Wine Agency pretende (1) descrever as suas pr\u00e1ticas de privacidade e (2) obter o teu consentimento para os fins espec\u00edficos que descrevemos de seguida.<\/p>\n\n\n\n<p class=\"has-text-align-left\" style=\"font-size:19px\"><strong>Gloss\u00e1rio:<\/strong><\/p>\n\n\n\n<p class=\"has-text-align-left\" style=\"font-size:19px\"><strong>Dados Pessoais<\/strong><\/p>\n\n\n\n<p class=\"has-text-align-left\" style=\"font-size:14px\">Informa\u00e7\u00e3o relativa a uma pessoa singular identificada ou identific\u00e1vel (\u00abtitular dos dados\u00bb); \u00e9 considerada identific\u00e1vel uma pessoa singular que possa ser identificada, direta ou indiretamente, em especial por refer\u00eancia a um identificador. S\u00e3o considerados identificadores pessoais, por exemplo, um nome, um n\u00famero de identifica\u00e7\u00e3o, dados de localiza\u00e7\u00e3o, identificadores por via eletr\u00f3nica ou a um ou mais elementos espec\u00edficos da identidade f\u00edsica, fisiol\u00f3gica, gen\u00e9tica, mental, econ\u00f3mica, cultural ou social dessa pessoa singular.<\/p>\n\n\n\n<p class=\"has-text-align-left\" style=\"font-size:19px\"><strong>Tratamento de Dados Pessoais<\/strong><\/p>\n\n\n\n<p class=\"has-text-align-left\" style=\"font-size:14px\">\u00abTratamento\u00bb, uma opera\u00e7\u00e3o ou um conjunto de opera\u00e7\u00f5es efetuadas sobre dados pessoais ou sobre conjuntos de dados pessoais, por meios automatizados ou n\u00e3o automatizados, tais como a recolha, o registo, a organiza\u00e7\u00e3o, a estrutura\u00e7\u00e3o, a conserva\u00e7\u00e3o, a adapta\u00e7\u00e3o ou altera\u00e7\u00e3o, a recupera\u00e7\u00e3o, a consulta, a utiliza\u00e7\u00e3o, a divulga\u00e7\u00e3o por transmiss\u00e3o, difus\u00e3o ou qualquer outra forma de disponibiliza\u00e7\u00e3o, a compara\u00e7\u00e3o ou interconex\u00e3o, a limita\u00e7\u00e3o, o apagamento ou a destrui\u00e7\u00e3o.<\/p>\n\n\n\n<p class=\"has-text-align-left\" style=\"font-size:19px\"><strong>Cookies<\/strong><\/p>\n\n\n\n<p class=\"has-text-align-left\" style=\"font-size:14px\">\u00abCookies\u00bb s\u00e3o pequenos ficheiros de texto com informa\u00e7\u00e3o considerada como relevante que os dispositivos utilizados para o acesso (computadores, telem\u00f3veis ou dispositivos m\u00f3veis port\u00e1teis) carregam, atrav\u00e9s do navegador de internet (browser), quando um s\u00edtio em linha \u00e9 visitado pelo Cliente ou Utilizador.<\/p>\n\n\n\n<p class=\"has-text-align-left\" style=\"font-size:19px\"><strong>Entidade Respons\u00e1vel<\/strong><\/p>\n\n\n\n<p class=\"has-text-align-left\" style=\"font-size:14px\">A The Wine Agency \u00e9 a entidade respons\u00e1vel pelos s\u00edtios em linha \u00abwww.thewineagency.pt\u00bb e correspondentes sub-s\u00edtios, bem como pelas aplica\u00e7\u00f5es informatizadas, adiante designados por canais ou aplica\u00e7\u00f5es, atrav\u00e9s dos quais os Utilizadores, Candidatos ou Clientes t\u00eam acesso remoto aos servi\u00e7os da empresa, que s\u00e3o apresentados, comercializados ou prestados, em qualquer momento, atrav\u00e9s dos mesmos. A utiliza\u00e7\u00e3o dos canais ou aplica\u00e7\u00f5es por qualquer Utilizador, Candidato ou Cliente pode implicar a realiza\u00e7\u00e3o de opera\u00e7\u00f5es de tratamento de dados pessoais, cuja prote\u00e7\u00e3o, privacidade e seguran\u00e7a pela The Wine Agency, enquanto entidade respons\u00e1vel pelo respetivo tratamento, est\u00e1 assegurada, de acordo com os termos desta Pol\u00edtica de Prote\u00e7\u00e3o de Dados e de Privacidade.<\/p>\n\n\n\n<p class=\"has-text-align-left\" style=\"font-size:19px\"><strong>Que tipo de dados pessoais recolhemos?<\/strong><\/p>\n\n\n\n<p class=\"has-text-align-left\" style=\"font-size:14px\">Recolhemos informa\u00e7\u00e3o de identifica\u00e7\u00e3o pessoal como o seu nome e email, quando respondemos a alguma solicita\u00e7\u00e3o ou trocamos correspond\u00eancia. Podemos utilizar a sua informa\u00e7\u00e3o de contacto para emails, contactos telef\u00f3nicos ou correspond\u00eancia endere\u00e7ada, por forma a distribuirmos conte\u00fados relacionados connosco. Recolhemos outro tipo de informa\u00e7\u00e3o quando navega no nosso site, utilizando ferramentas para medir e recolher informa\u00e7\u00f5es de navega\u00e7\u00e3o, incluindo o tempo de resposta das p\u00e1ginas, tempo total da visita em determinadas p\u00e1ginas e os m\u00e9todos utilizados para deixar a p\u00e1gina. Estes dados permitem-nos personalizar as suas visitas.<\/p>\n\n\n\n<p class=\"has-text-align-left\" style=\"font-size:19px\"><strong>Para que usamos os dados pessoais que recolhemos?<\/strong><\/p>\n\n\n\n<p class=\"has-text-align-left\" style=\"font-size:14px\">Salvo indica\u00e7\u00e3o em contr\u00e1rio, o fundamento jur\u00eddico para o tratamento dos seus dados pessoais resulta do facto de o mesmo ser necess\u00e1rio para exercermos o nosso interesse leg\u00edtimo de promover os nossos produtos e servi\u00e7os, de acordo com a al\u00ednea f) do n\u00ba 1 do art. 6 do Regulamento Geral de Protec\u00e7\u00e3o de Dados, nomeadamente:<\/p>\n\n\n\n<p class=\"has-text-align-left\" style=\"font-size:14px\">&#8211; Para fornecer informa\u00e7\u00f5es sobre os nossos servi\u00e7os, em newsletters, e-mails informativos e pesquisas sobre ideias para futuros melhoramentos;<\/p>\n\n\n\n<p class=\"has-text-align-left\" style=\"font-size:14px\">&#8211; Para nos ajudar a criar conte\u00fados relevantes para si;<\/p>\n\n\n\n<p class=\"has-text-align-left\" style=\"font-size:14px\">&#8211; Para disponibilizar ofertas especiais que possam ser do seu interesse;<\/p>\n\n\n\n<p class=\"has-text-align-left\" style=\"font-size:14px\">&#8211; Para a gest\u00e3o contabil\u00edstica, fiscal e administrativa, caso ela exista.<\/p>\n\n\n\n<p class=\"has-text-align-left\" style=\"font-size:14px\">Os seus dados pessoais s\u00e3o tratados apenas pelo per\u00edodo de tempo necess\u00e1rio para a realiza\u00e7\u00e3o da finalidade definida ou, consoante o que for aplic\u00e1vel, at\u00e9 que exer\u00e7a o seu direito de oposi\u00e7\u00e3o, direito a ser esquecido ou retire o consentimento, e desde que tal n\u00e3o resulte de uma exig\u00eancia legal ou contratual (no \u00e2mbito da presta\u00e7\u00e3o de servi\u00e7os).<\/p>\n\n\n\n<p class=\"has-text-align-left\" style=\"font-size:19px\"><strong>Como protegemos os seus dados pessoais?<\/strong><\/p>\n\n\n\n<p class=\"has-text-align-left\" style=\"font-size:14px\">Para garantir a seguran\u00e7a dos seus dados pessoais, estabelecemos uma s\u00e9rie de medidas de seguran\u00e7a e protec\u00e7\u00e3o. Os seus dados pessoais s\u00e3o guardados em redes seguras, que apenas podem ser acedidas por um limitado n\u00famero de pessoas que det\u00eam direitos de acesso, e se comprometem a respeitar e a manter a natureza confidencial de tais informa\u00e7\u00f5es. De salientar, n\u00e3o obstante estas medidas, que quando faculta informa\u00e7\u00f5es pessoais na Internet existe sempre um risco de que estas possam ser interceptadas e usadas por terceiros fora do nosso controlo. Embora envidemos todos os esfor\u00e7os para proteger as suas informa\u00e7\u00f5es pessoais e a sua privacidade, n\u00e3o podemos garantir a seguran\u00e7a das informa\u00e7\u00f5es que disponibilize atrav\u00e9s da Internet.<\/p>\n\n\n\n<p class=\"has-text-align-left\" style=\"font-size:19px\"><strong>A quem transmitimos e quem tem acesso aos seus dados pessoais?<\/strong><\/p>\n\n\n\n<p class=\"has-text-align-left\" style=\"font-size:14px\">N\u00e3o partilhamos os teus dados com terceiros, excepto nos seguintes casos:<\/p>\n\n\n\n<p class=\"has-text-align-left\" style=\"font-size:14px\">&#8211; com autoridades competentes para cumprimento de obriga\u00e7\u00f5es legais<\/p>\n\n\n\n<p class=\"has-text-align-left\" style=\"font-size:14px\">&#8211; fornecedores\/consultores externos para nos fornecerem determinados servi\u00e7os (por exig\u00eancia contratual e no \u00e2mbito da presta\u00e7\u00e3o do servi\u00e7o). Tal como n\u00f3s, os nossos fornecedores\/consultores, tamb\u00e9m est\u00e3o sujeitos ao cumprimento do Regulamento Geral de Protec\u00e7\u00e3o de Dados. No entanto, exigimos a tais fornecedores\/consultores subcontratados que mantenham os dados pessoais dos nossos clientes seguros e confidenciais.<\/p>\n\n\n\n<p class=\"has-text-align-left\" style=\"font-size:19px\">\u200b<strong>Quais s\u00e3o os direitos do titular de dados pessoais?<\/strong><\/p>\n\n\n\n<p class=\"has-text-align-left\" style=\"font-size:14px\">a) Direito de acesso \u2013 presta\u00e7\u00e3o de informa\u00e7\u00e3o sobre os dados pessoais que a The Wine Agency det\u00e9m a respeito do titular dos dados e sobre o respectivo tratamento;&nbsp;&nbsp;<\/p>\n\n\n\n<p class=\"has-text-align-left\" style=\"font-size:14px\">b) Direito de rectifica\u00e7\u00e3o \u2013 correc\u00e7\u00e3o, actualiza\u00e7\u00e3o ou inclus\u00e3o de informa\u00e7\u00e3o (que possa estar em falta) relativa ao titular dos dados;&nbsp;&nbsp;&nbsp;&nbsp;&nbsp;&nbsp;&nbsp;<\/p>\n\n\n\n<p class=\"has-text-align-left\" style=\"font-size:14px\">c) Direito ao apagamento dos dados (\u201cdireito a ser esquecido\u201d) \u2013 apagamento dos dados, verificados os requisitos legais para o efeito (inexist\u00eancia de contratos activos, ultrapassado o prazo legal de reten\u00e7\u00e3o dos dados a que The Wine Agency est\u00e1 obrigada);&nbsp;<\/p>\n\n\n\n<p class=\"has-text-align-left\" style=\"font-size:14px\">d) Direito \u00e0 limita\u00e7\u00e3o do tratamento \u2013 suspens\u00e3o\/cessa\u00e7\u00e3o (tempor\u00e1ria) do tratamento de dados, observados os requisitos legais aplic\u00e1veis;&nbsp;<\/p>\n\n\n\n<p class=\"has-text-align-left\" style=\"font-size:14px\">e) Direito \u00e0 portabilidade \u2013 disponibiliza\u00e7\u00e3o dos dados pessoais facultados pelo cliente, em formato estruturado de uso corrente e de leitura autom\u00e1tica, de modo a que possam ser transmitidos a outro respons\u00e1vel pelo tratamento;&nbsp;<\/p>\n\n\n\n<p class=\"has-text-align-left\" style=\"font-size:14px\">f) Direito de oposi\u00e7\u00e3o \u2013 revoga\u00e7\u00e3o de consentimento para tratamento(s) de dados efectuado(s) com base nesse fundamento.<\/p>\n\n\n\n<p class=\"has-text-align-left\" style=\"font-size:19px\"><strong>Quais os procedimentos em caso de viola\u00e7\u00e3o e perda de dados?<\/strong><\/p>\n\n\n\n<p class=\"has-text-align-left\" style=\"font-size:14px\">A The Wine Agency tem um&nbsp;<em>Data Protection Officer<\/em>, respons\u00e1vel por prevenir a perda de dados. Caso a mesmo aconte\u00e7a, apesar de todas as preven\u00e7\u00f5es, o mesmo avaliar\u00e1 o risco associado com a perda e informar\u00e1 os indiv\u00edduos visados num prazo de 72h.<\/p>\n\n\n\n<p class=\"has-text-align-left\" style=\"font-size:14px\">Nos termos legais, a comunica\u00e7\u00e3o ao utilizador n\u00e3o \u00e9 exigida nos seguintes casos:<\/p>\n\n\n\n<p class=\"has-text-align-left\" style=\"font-size:14px\">&#8211; Caso a The Wine Agency tenha aplicado medidas de protec\u00e7\u00e3o adequadas, tanto t\u00e9cnicas como organizativas, e essas medidas tenham sido aplicadas aos Dados Pessoais afectados pela viola\u00e7\u00e3o de Dados Pessoais.<\/p>\n\n\n\n<p class=\"has-text-align-left\" style=\"font-size:14px\">&#8211; Caso a The Wine Agency tenha tomado medidas subsequentes que assegurem que o elevado risco para os direitos e liberdades do utilizador j\u00e1 n\u00e3o \u00e9 suscept\u00edvel de se concretizar;<\/p>\n\n\n\n<p class=\"has-text-align-left\" style=\"font-size:14px\">&#8211; Caso a comunica\u00e7\u00e3o ao utilizador implique um esfor\u00e7o desproporcionado para The Wine Agency. Nesse caso, far\u00e1 uma comunica\u00e7\u00e3o p\u00fablica ou tomar\u00e1 uma medida semelhante atrav\u00e9s da qual o utilizador ser\u00e1 informado.<\/p>\n\n\n\n<p class=\"has-text-align-left\" style=\"font-size:19px\"><strong>Op\u00e7\u00f5es e anula\u00e7\u00e3o<\/strong><\/p>\n\n\n\n<p class=\"has-text-align-left\" style=\"font-size:14px\">Retemos os seus dados pessoais apenas durante o tempo necess\u00e1rio para o contacto regular consigo. &nbsp;Para retirar o consentimento de recolha, tratamento e utiliza\u00e7\u00e3o dos seus dados pessoais, em qualquer altura, pode enviar o pedido para o email&nbsp;<a href=\"mailto:hello@thewineagency.pt\" target=\"_blank\" rel=\"noreferrer noopener\">hello@thewineagency.pt<\/a>.<\/p>\n\n\n\n<p class=\"has-text-align-left\" style=\"font-size:19px\"><strong>Altera\u00e7\u00f5es \u00e0 pol\u00edtica de privacidade<\/strong><\/p>\n\n\n\n<p class=\"has-text-align-left\" style=\"font-size:14px\">No futuro, poderemos optar por modificar ou actualizar esta pol\u00edtica, quer devido a altera\u00e7\u00f5es na legisla\u00e7\u00e3o, quer por forma a abranger novos desenvolvimentos da pr\u00f3pria internet. Assim sendo, reservamo-nos o direito de efectuar quaisquer altera\u00e7\u00f5es nesse sentido, e solicitamos que visite esta p\u00e1gina regularmente, para que possa estar sempre atualizado.<\/p>\n\n\n\n<p>\u200b<\/p>\n","protected":false},"excerpt":{"rendered":"<p>A sua privacidade \u00e9 importante para n\u00f3s. Atrav\u00e9s deste documento, a The Wine Agency pretende (1) descrever as suas pr\u00e1ticas de privacidade e (2) obter o teu consentimento para os fins espec\u00edficos que descrevemos de seguida. Gloss\u00e1rio: Dados Pessoais Informa\u00e7\u00e3o relativa a uma pessoa singular identificada ou identific\u00e1vel (\u00abtitular dos dados\u00bb); \u00e9 considerada identific\u00e1vel uma &hellip;<\/p>\n<p class=\"read-more\"> <a class=\"\" href=\"https:\/\/thewineagency.pt\/wp\/pt\/politica-de-privacidade\/\"> <span class=\"screen-reader-text\">POL\u00cdTICA DE PRIVACIDADE<\/span> Read More &raquo;<\/a><\/p>\n","protected":false},"author":1,"featured_media":0,"parent":0,"menu_order":0,"comment_status":"closed","ping_status":"open","template":"","meta":[],"_links":{"self":[{"href":"https:\/\/thewineagency.pt\/wp\/wp-json\/wp\/v2\/pages\/882"}],"collection":[{"href":"https:\/\/thewineagency.pt\/wp\/wp-json\/wp\/v2\/pages"}],"about":[{"href":"https:\/\/thewineagency.pt\/wp\/wp-json\/wp\/v2\/types\/page"}],"author":[{"embeddable":true,"href":"https:\/\/thewineagency.pt\/wp\/wp-json\/wp\/v2\/users\/1"}],"replies":[{"embeddable":true,"href":"https:\/\/thewineagency.pt\/wp\/wp-json\/wp\/v2\/comments?post=882"}],"version-history":[{"count":5,"href":"https:\/\/thewineagency.pt\/wp\/wp-json\/wp\/v2\/pages\/882\/revisions"}],"predecessor-version":[{"id":889,"href":"https:\/\/thewineagency.pt\/wp\/wp-json\/wp\/v2\/pages\/882\/revisions\/889"}],"wp:attachment":[{"href":"https:\/\/thewineagency.pt\/wp\/wp-json\/wp\/v2\/media?parent=882"}],"curies":[{"name":"wp","href":"https:\/\/api.w.org\/{rel}","templated":true}]}}